{"id":204,"date":"2026-02-23T18:49:46","date_gmt":"2026-02-23T17:49:46","guid":{"rendered":"https:\/\/test.ridgemedia.es\/?page_id=204"},"modified":"2026-03-16T22:30:30","modified_gmt":"2026-03-16T21:30:30","slug":"inicio","status":"publish","type":"page","link":"https:\/\/test.ridgemedia.es\/en\/","title":{"rendered":"Inicio"},"content":{"rendered":"<style>.wp-block-kadence-advancedheading.kt-adv-heading204_a30c38-1d, .wp-block-kadence-advancedheading.kt-adv-heading204_a30c38-1d[data-kb-block=\"kb-adv-heading204_a30c38-1d\"]{font-style:normal;}.wp-block-kadence-advancedheading.kt-adv-heading204_a30c38-1d mark.kt-highlight, .wp-block-kadence-advancedheading.kt-adv-heading204_a30c38-1d[data-kb-block=\"kb-adv-heading204_a30c38-1d\"] mark.kt-highlight{font-style:normal;color:#f76a0c;-webkit-box-decoration-break:clone;box-decoration-break:clone;padding-top:0px;padding-right:0px;padding-bottom:0px;padding-left:0px;}.wp-block-kadence-advancedheading.kt-adv-heading204_a30c38-1d img.kb-inline-image, .wp-block-kadence-advancedheading.kt-adv-heading204_a30c38-1d[data-kb-block=\"kb-adv-heading204_a30c38-1d\"] img.kb-inline-image{width:150px;vertical-align:baseline;}<\/style>\n<h1 class=\"kt-adv-heading204_a30c38-1d wp-block-kadence-advancedheading\" data-kb-block=\"kb-adv-heading204_a30c38-1d\"><strong>WhatsApp en 2026: 10 funciones nuevas que realmente merece la pena usar<\/strong><\/h1>\n\n\n<style>.wp-block-kadence-advancedheading.kt-adv-heading204_deb0f3-cf, .wp-block-kadence-advancedheading.kt-adv-heading204_deb0f3-cf[data-kb-block=\"kb-adv-heading204_deb0f3-cf\"]{font-style:normal;}.wp-block-kadence-advancedheading.kt-adv-heading204_deb0f3-cf mark.kt-highlight, .wp-block-kadence-advancedheading.kt-adv-heading204_deb0f3-cf[data-kb-block=\"kb-adv-heading204_deb0f3-cf\"] mark.kt-highlight{font-style:normal;color:#f76a0c;-webkit-box-decoration-break:clone;box-decoration-break:clone;padding-top:0px;padding-right:0px;padding-bottom:0px;padding-left:0px;}.wp-block-kadence-advancedheading.kt-adv-heading204_deb0f3-cf img.kb-inline-image, .wp-block-kadence-advancedheading.kt-adv-heading204_deb0f3-cf[data-kb-block=\"kb-adv-heading204_deb0f3-cf\"] img.kb-inline-image{width:150px;vertical-align:baseline;}<\/style>\n<p class=\"kt-adv-heading204_deb0f3-cf wp-block-kadence-advancedheading\" data-kb-block=\"kb-adv-heading204_deb0f3-cf\">Desde su lanzamiento hace m\u00e1s de una d\u00e9cada,\u00a0<a href=\"https:\/\/elpais.com\/economia\/2025-06-16\/llega-la-publicidad-a-whatsapp-meta-introduce-anuncios-y-suscripciones-en-la-red-de-mensajeria.html\" target=\"_blank\" rel=\"noreferrer noopener\">WhatsApp<\/a>\u00a0ha pasado de ser una simple app de mensajer\u00eda a una plataforma con herramientas de productividad, creatividad y privacidad avanzadas. Pero muchas de estas funciones est\u00e1n ocultas en el men\u00fa o desactivadas por defecto, e invertir unos minutos en explorarlas puede transformar completamente tu experiencia de uso, tanto personal como profesional. Estas son las 10 funciones m\u00e1s \u00fatiles de WhatsApp que quiz\u00e1 todav\u00eda no conoces.<\/p>\n\n\n<style>.wp-block-kadence-advancedheading.kt-adv-heading204_4e03c0-4b, .wp-block-kadence-advancedheading.kt-adv-heading204_4e03c0-4b[data-kb-block=\"kb-adv-heading204_4e03c0-4b\"]{font-style:normal;}.wp-block-kadence-advancedheading.kt-adv-heading204_4e03c0-4b mark.kt-highlight, .wp-block-kadence-advancedheading.kt-adv-heading204_4e03c0-4b[data-kb-block=\"kb-adv-heading204_4e03c0-4b\"] mark.kt-highlight{font-style:normal;color:#f76a0c;-webkit-box-decoration-break:clone;box-decoration-break:clone;padding-top:0px;padding-right:0px;padding-bottom:0px;padding-left:0px;}.wp-block-kadence-advancedheading.kt-adv-heading204_4e03c0-4b img.kb-inline-image, .wp-block-kadence-advancedheading.kt-adv-heading204_4e03c0-4b[data-kb-block=\"kb-adv-heading204_4e03c0-4b\"] img.kb-inline-image{width:150px;vertical-align:baseline;}<\/style>\n<h2 class=\"kt-adv-heading204_4e03c0-4b wp-block-kadence-advancedheading\" data-kb-block=\"kb-adv-heading204_4e03c0-4b\"><strong>Res\u00famenes autom\u00e1ticos de chats con IA<\/strong><\/h2>\n\n\n<style>.wp-block-kadence-advancedheading.kt-adv-heading204_f03490-b9, .wp-block-kadence-advancedheading.kt-adv-heading204_f03490-b9[data-kb-block=\"kb-adv-heading204_f03490-b9\"]{font-style:normal;}.wp-block-kadence-advancedheading.kt-adv-heading204_f03490-b9 mark.kt-highlight, .wp-block-kadence-advancedheading.kt-adv-heading204_f03490-b9[data-kb-block=\"kb-adv-heading204_f03490-b9\"] mark.kt-highlight{font-style:normal;color:#f76a0c;-webkit-box-decoration-break:clone;box-decoration-break:clone;padding-top:0px;padding-right:0px;padding-bottom:0px;padding-left:0px;}.wp-block-kadence-advancedheading.kt-adv-heading204_f03490-b9 img.kb-inline-image, .wp-block-kadence-advancedheading.kt-adv-heading204_f03490-b9[data-kb-block=\"kb-adv-heading204_f03490-b9\"] img.kb-inline-image{width:150px;vertical-align:baseline;}<\/style>\n<p class=\"kt-adv-heading204_f03490-b9 wp-block-kadence-advancedheading\" data-kb-block=\"kb-adv-heading204_f03490-b9\">WhatsApp es capaz de\u00a0<a href=\"https:\/\/cincodias.elpais.com\/smartlife\/lifestyle\/2025-06-26\/whatsapp-resumenes-privados-mensajes.html\" target=\"_blank\" rel=\"noreferrer noopener\">generar res\u00famenes<\/a>\u00a0autom\u00e1ticos de mensajes no le\u00eddos; algo muy \u00fatil por ejemplo en los grupos. As\u00ed, en lugar de desplazarte por 100 mensajes nuevos, la app emplea Meta AI para sintetizarlos en puntos clave cuando abres un chat con mensajes pendientes. Esta funci\u00f3n, opcional y desactivable, est\u00e1 pensada para ahorrar tiempo; la privacidad est\u00e1 asegurada, ya que Meta no lee tus chats directamente. Para activarlo o desactivarlo, se puede hacer desde los ajustes de Privacidad avanzada.<\/p>\n\n\n<style>.wp-block-kadence-advancedheading.kt-adv-heading204_004345-77, .wp-block-kadence-advancedheading.kt-adv-heading204_004345-77[data-kb-block=\"kb-adv-heading204_004345-77\"]{font-style:normal;}.wp-block-kadence-advancedheading.kt-adv-heading204_004345-77 mark.kt-highlight, .wp-block-kadence-advancedheading.kt-adv-heading204_004345-77[data-kb-block=\"kb-adv-heading204_004345-77\"] mark.kt-highlight{font-style:normal;color:#f76a0c;-webkit-box-decoration-break:clone;box-decoration-break:clone;padding-top:0px;padding-right:0px;padding-bottom:0px;padding-left:0px;}.wp-block-kadence-advancedheading.kt-adv-heading204_004345-77 img.kb-inline-image, .wp-block-kadence-advancedheading.kt-adv-heading204_004345-77[data-kb-block=\"kb-adv-heading204_004345-77\"] img.kb-inline-image{width:150px;vertical-align:baseline;}<\/style>\n<h2 class=\"kt-adv-heading204_004345-77 wp-block-kadence-advancedheading\" data-kb-block=\"kb-adv-heading204_004345-77\"><strong>Ayuda para escribir<\/strong><\/h2>\n\n\n<style>.wp-block-kadence-advancedheading.kt-adv-heading204_e2d32d-18, .wp-block-kadence-advancedheading.kt-adv-heading204_e2d32d-18[data-kb-block=\"kb-adv-heading204_e2d32d-18\"]{font-style:normal;}.wp-block-kadence-advancedheading.kt-adv-heading204_e2d32d-18 mark.kt-highlight, .wp-block-kadence-advancedheading.kt-adv-heading204_e2d32d-18[data-kb-block=\"kb-adv-heading204_e2d32d-18\"] mark.kt-highlight{font-style:normal;color:#f76a0c;-webkit-box-decoration-break:clone;box-decoration-break:clone;padding-top:0px;padding-right:0px;padding-bottom:0px;padding-left:0px;}.wp-block-kadence-advancedheading.kt-adv-heading204_e2d32d-18 img.kb-inline-image, .wp-block-kadence-advancedheading.kt-adv-heading204_e2d32d-18[data-kb-block=\"kb-adv-heading204_e2d32d-18\"] img.kb-inline-image{width:150px;vertical-align:baseline;}<\/style>\n<p class=\"kt-adv-heading204_e2d32d-18 wp-block-kadence-advancedheading\" data-kb-block=\"kb-adv-heading204_e2d32d-18\">Adem\u00e1s de resumir, WhatsApp puede sugerir mejoras en lo que vas a escribir gracias a la funci\u00f3n Writing Help, que reescribe mensajes para ajustarlos a distintos tonos \u2014formal, amistoso o conciso\u2014 ayudando especialmente cuando quieres expresar algo con precisi\u00f3n. Si quieres probarlo, escribe un texto y toca la sugerencia de IA que aparece encima del teclado para elegir un estilo. Si no ves esta opci\u00f3n, aseg\u00farate de tener la versi\u00f3n m\u00e1s reciente de la app.<\/p>\n","protected":false},"excerpt":{"rendered":"<p>WhatsApp en 2026: 10 funciones nuevas que realmente merece la pena usar Desde su lanzamiento hace m\u00e1s de una d\u00e9cada,\u00a0WhatsApp\u00a0ha pasado de ser una simple app de mensajer\u00eda a una plataforma con herramientas de productividad, creatividad y privacidad avanzadas. Pero muchas de estas funciones est\u00e1n ocultas en el men\u00fa o desactivadas por defecto, e invertir&#8230;<\/p>","protected":false},"author":1,"featured_media":0,"parent":0,"menu_order":0,"comment_status":"closed","ping_status":"closed","template":"","meta":{"_kad_blocks_custom_css":"","_kad_blocks_head_custom_js":"","_kad_blocks_body_custom_js":"","_kad_blocks_footer_custom_js":"","_kad_post_transparent":"disable","_kad_post_title":"hide","_kad_post_layout":"narrow","_kad_post_sidebar_id":"","_kad_post_content_style":"unboxed","_kad_post_vertical_padding":"hide","_kad_post_feature":"hide","_kad_post_feature_position":"","_kad_post_header":false,"_kad_post_footer":true,"_kad_post_classname":"","footnotes":""},"season":[838],"class_list":["post-204","page","type-page","status-publish","hentry","season-spring"],"taxonomy_info":{"season":[{"value":838,"label":"spring"}]},"featured_image_src_large":false,"author_info":{"display_name":"admin98","author_link":"https:\/\/test.ridgemedia.es\/en\/author\/admin98\/"},"comment_info":0,"_links":{"self":[{"href":"https:\/\/test.ridgemedia.es\/en\/wp-json\/wp\/v2\/pages\/204","targetHints":{"allow":["GET"]}}],"collection":[{"href":"https:\/\/test.ridgemedia.es\/en\/wp-json\/wp\/v2\/pages"}],"about":[{"href":"https:\/\/test.ridgemedia.es\/en\/wp-json\/wp\/v2\/types\/page"}],"author":[{"embeddable":true,"href":"https:\/\/test.ridgemedia.es\/en\/wp-json\/wp\/v2\/users\/1"}],"replies":[{"embeddable":true,"href":"https:\/\/test.ridgemedia.es\/en\/wp-json\/wp\/v2\/comments?post=204"}],"version-history":[{"count":2,"href":"https:\/\/test.ridgemedia.es\/en\/wp-json\/wp\/v2\/pages\/204\/revisions"}],"predecessor-version":[{"id":225,"href":"https:\/\/test.ridgemedia.es\/en\/wp-json\/wp\/v2\/pages\/204\/revisions\/225"}],"wp:attachment":[{"href":"https:\/\/test.ridgemedia.es\/en\/wp-json\/wp\/v2\/media?parent=204"}],"wp:term":[{"taxonomy":"season","embeddable":true,"href":"https:\/\/test.ridgemedia.es\/en\/wp-json\/wp\/v2\/season?post=204"}],"curies":[{"name":"wp","href":"https:\/\/api.w.org\/{rel}","templated":true}]}}